{"id":2475,"date":"2025-05-01T09:37:07","date_gmt":"2025-05-01T09:37:07","guid":{"rendered":"https:\/\/digitalservices.uwtsd.ac.uk\/llyfrgell-ac-adnoddau-dysgu-llr\/defnyddio-ein-llyfrgelloedd\/cysylltwch-ar-llyfrgell\/"},"modified":"2025-09-22T14:11:48","modified_gmt":"2025-09-22T14:11:48","slug":"cysylltwch-ar-llyfrgell","status":"publish","type":"page","link":"https:\/\/digitalservices.uwtsd.ac.uk\/cy\/llyfrgell\/defnyddio-ein-llyfrgelloedd\/cysylltwch-ar-llyfrgell\/","title":{"rendered":"Cysylltwch \u00e2&#8217;r Llyfrgell"},"content":{"rendered":"\t\t<div data-elementor-type=\"wp-page\" data-elementor-id=\"2475\" class=\"elementor elementor-2475 elementor-1298\" data-elementor-post-type=\"page\">\n\t\t\t\t<div class=\"elementor-element elementor-element-222771ee section-s e-flex e-con-boxed e-con e-parent\" data-id=\"222771ee\" data-element_type=\"container\" data-e-type=\"container\">\n\t\t\t\t\t<div class=\"e-con-inner\">\n\t\t\t\t<div class=\"elementor-element elementor-element-16912a09 elementor-widget elementor-widget-breadcrumbs\" data-id=\"16912a09\" data-element_type=\"widget\" data-e-type=\"widget\" data-widget_type=\"breadcrumbs.default\">\n\t\t\t\t<div class=\"elementor-widget-container\">\n\t\t\t\t\t<p id=\"breadcrumbs\"><span><span><a href=\"https:\/\/digitalservices.uwtsd.ac.uk\/cy\/\">Gwasanaethau Digidol<\/a><\/span><\/span><\/p>\t\t\t\t<\/div>\n\t\t\t\t<\/div>\n\t\t\t\t<div class=\"elementor-element elementor-element-2cf8cd14 elementor-cta--layout-image-above elementor-cta--mobile-layout-image-above elementor-cta--skin-classic elementor-animated-content elementor-widget elementor-widget-call-to-action\" data-id=\"2cf8cd14\" data-element_type=\"widget\" data-e-type=\"widget\" data-widget_type=\"call-to-action.default\">\n\t\t\t\t<div class=\"elementor-widget-container\">\n\t\t\t\t\t\t\t<div class=\"elementor-cta\">\n\t\t\t\t\t<div class=\"elementor-cta__bg-wrapper\">\n\t\t\t\t<div class=\"elementor-cta__bg elementor-bg\" style=\"background-image: url(https:\/\/digitalservices.uwtsd.ac.uk\/wp-content\/uploads\/2025\/05\/AdobeStock_Contact_Us.jpg);\" role=\"img\" aria-label=\"Close-up of a person holding a white smartphone near a laptop keyboard on a white surface with a blurred white cup in the background\"><\/div>\n\t\t\t\t<div class=\"elementor-cta__bg-overlay\"><\/div>\n\t\t\t<\/div>\n\t\t\t\t\t\t\t<div class=\"elementor-cta__content\">\n\t\t\t\t\n\t\t\t\t\t\t\t\t\t<h1 class=\"elementor-cta__title elementor-cta__content-item elementor-content-item\">\n\t\t\t\t\t\tCysylltwch \u00e2'r Llyfrgell\t\t\t\t\t<\/h1>\n\t\t\t\t\n\t\t\t\t\n\t\t\t\t\t\t\t<\/div>\n\t\t\t\t\t\t<\/div>\n\t\t\t\t\t\t<\/div>\n\t\t\t\t<\/div>\n\t\t\t\t\t<\/div>\n\t\t\t\t<\/div>\n\t\t<div class=\"elementor-element elementor-element-6b64eff0 e-flex e-con-boxed e-con e-parent\" data-id=\"6b64eff0\" data-element_type=\"container\" data-e-type=\"container\" data-settings=\"{&quot;background_background&quot;:&quot;classic&quot;}\">\n\t\t\t\t\t<div class=\"e-con-inner\">\n\t\t<div class=\"elementor-element elementor-element-1deadf24 e-con-full e-flex e-con e-child\" data-id=\"1deadf24\" data-element_type=\"container\" data-e-type=\"container\">\n\t\t\t\t<div class=\"elementor-element elementor-element-49e19aba elementor-widget elementor-widget-heading\" data-id=\"49e19aba\" data-element_type=\"widget\" data-e-type=\"widget\" data-widget_type=\"heading.default\">\n\t\t\t\t<div class=\"elementor-widget-container\">\n\t\t\t\t\t<h2 class=\"elementor-heading-title elementor-size-default\">Gallwch gysylltu \u00e2'r llyfrgell drwy:<\/h2>\t\t\t\t<\/div>\n\t\t\t\t<\/div>\n\t\t\t\t<div class=\"elementor-element elementor-element-26cc6ef3 elementor-widget elementor-widget-text-editor\" data-id=\"26cc6ef3\" data-element_type=\"widget\" data-e-type=\"widget\" data-widget_type=\"text-editor.default\">\n\t\t\t\t<div class=\"elementor-widget-container\">\n\t\t\t\t\t\t\t\t\t<p>Sgwrsio\u00a0\u00e2 ni\u2019n fyw ar\u00a0<a href=\"https:\/\/eu.libraryh3lp.com\/chat\/library-chat-queue@chat.eu.libraryh3lp.com?skin=15582&amp;referer=https%3A%2F%2Fuwtsd.ac.uk%2Fcy%2Fllyfrgell%2Fdefnyddio-ein-llyfrgelloedd%2Fcysylltu-ar-llyfrgell%2F\">Sgwrsio \u00e2\u2019r Llyfrgell<\/a><\/p>\n<p>Ffonio ni ar\u00a0<strong>01792\u00a0481200<\/strong><\/p>\n<p>E-bostio ni ar\u00a0<a href=\"mailto:library@uwtsd.ac.uk\">library@uwtsd.ac.uk<\/a><\/p>\n\t\t\t\t\t\t\t\t<\/div>\n\t\t\t\t<\/div>\n\t\t\t\t<div class=\"elementor-element elementor-element-f8bdd43 elementor-widget elementor-widget-heading\" data-id=\"f8bdd43\" data-element_type=\"widget\" data-e-type=\"widget\" data-widget_type=\"heading.default\">\n\t\t\t\t<div class=\"elementor-widget-container\">\n\t\t\t\t\t<h2 class=\"elementor-heading-title elementor-size-default\">Eisoes yn gwybod beth sydd ei angen arnoch?<\/h2>\t\t\t\t<\/div>\n\t\t\t\t<\/div>\n\t\t\t\t<div class=\"elementor-element elementor-element-8ee43bf elementor-widget elementor-widget-text-editor\" data-id=\"8ee43bf\" data-element_type=\"widget\" data-e-type=\"widget\" data-widget_type=\"text-editor.default\">\n\t\t\t\t<div class=\"elementor-widget-container\">\n\t\t\t\t\t\t\t\t\t<p>Angen help gyda\u2019ch sgiliau\u00a0<a href=\"https:\/\/intranet.uwtsd.ac.uk\/cy\/adrannau\/llyfrgell-ac-adnoddau-dysgu\/sgiliau-academaidd-gwybodaeth\">academaidd a gwybodaeth?<\/a>\u00a0Cysylltwch \u00e2\u00a0<a href=\"mailto:infoskills@uwtsd.ac.uk\">infoskills@uwtsd.ac.uk<\/a><\/p>\n<p>Angen help gyda\u2019ch\u00a0<a href=\"https:\/\/digitalskills.uwtsd.ac.uk\/cy\/\">sgiliau digidol<\/a>?\u00a0Cysylltwch \u00e2\u00a0<a href=\"mailto:digitalskills@uwtsd.ac.uk\">digitalskills@uwtsd.ac.uk<\/a><\/p>\n<p>Oes gennych chi gwestiwn am ein\u00a0Casgliadau Arbennig ac Archifau?\u00a0Cysylltwch \u00e2\u00a0<a href=\"mailto:specialcollections@uwtsd.ac.uk\">specialcollections@uwtsd.ac.uk<\/a><strong>\u00a0<\/strong>or\u00a0<strong>01570\u00a0424716<\/strong><\/p>\n<p>Sylwch, yn anffodus ni allwn dderbyn rhoddion digymell felly gwnewch yn si\u0175r eich bod yn cysylltu \u00e2 ni cyn anfon unrhyw ddeunydd er mwyn osgoi siom: <a href=\"https:\/\/digitalservices.uwtsd.ac.uk\/cy\/llyfrgell\/strategaeth-a-polisiau\/polisi-rhoddion\/\">Polisi Rhoddion<\/a><\/p>\n\t\t\t\t\t\t\t\t<\/div>\n\t\t\t\t<\/div>\n\t\t\t\t<div class=\"elementor-element elementor-element-dc2a4bf elementor-widget elementor-widget-heading\" data-id=\"dc2a4bf\" data-element_type=\"widget\" data-e-type=\"widget\" data-widget_type=\"heading.default\">\n\t\t\t\t<div class=\"elementor-widget-container\">\n\t\t\t\t\t<h2 class=\"elementor-heading-title elementor-size-default\">Rhannwch eich adborth<\/h2>\t\t\t\t<\/div>\n\t\t\t\t<\/div>\n\t\t\t\t<div class=\"elementor-element elementor-element-06590ab elementor-widget elementor-widget-text-editor\" data-id=\"06590ab\" data-element_type=\"widget\" data-e-type=\"widget\" data-widget_type=\"text-editor.default\">\n\t\t\t\t<div class=\"elementor-widget-container\">\n\t\t\t\t\t\t\t\t\t<p>Rydym yn gwerthfawrogi eich adborth &#8211; cwblhewch ein\u00a0<a href=\"https:\/\/forms.microsoft.com\/Pages\/ResponsePage.aspx?id=-REPTm4EBUWcuNshUjEeIf2EPP7JDJ5OqOvpbcl22MtUQUhDQjFGUlFRQURJRktNVVBWQ05aQTRWRy4u\">ffurflen adborth<\/a>\u00a0gydag unrhyw awgrymiadau, sylwadau, pryderon neu ganmoliaeth sydd\u00a0gennych.<\/p>\n\t\t\t\t\t\t\t\t<\/div>\n\t\t\t\t<\/div>\n\t\t\t\t<div class=\"elementor-element elementor-element-497af56 elementor-widget elementor-widget-heading\" data-id=\"497af56\" data-element_type=\"widget\" data-e-type=\"widget\" data-widget_type=\"heading.default\">\n\t\t\t\t<div class=\"elementor-widget-container\">\n\t\t\t\t\t<h2 class=\"elementor-heading-title elementor-size-default\">Cyfryngau Cymdeithasol<\/h2>\t\t\t\t<\/div>\n\t\t\t\t<\/div>\n\t\t\t\t<div class=\"elementor-element elementor-element-390b1b7 e-grid-align-left elementor-shape-rounded elementor-grid-0 elementor-widget elementor-widget-social-icons\" data-id=\"390b1b7\" data-element_type=\"widget\" data-e-type=\"widget\" data-widget_type=\"social-icons.default\">\n\t\t\t\t<div class=\"elementor-widget-container\">\n\t\t\t\t\t\t\t<div class=\"elementor-social-icons-wrapper elementor-grid\" role=\"list\">\n\t\t\t\t\t\t\t<span class=\"elementor-grid-item\" role=\"listitem\">\n\t\t\t\t\t<a class=\"elementor-icon elementor-social-icon elementor-social-icon-facebook elementor-repeater-item-d91170b\" href=\"https:\/\/www.facebook.com\/UWTSDLib\/\" target=\"_blank\">\n\t\t\t\t\t\t<span class=\"elementor-screen-only\">Facebook<\/span>\n\t\t\t\t\t\t<svg aria-hidden=\"true\" class=\"e-font-icon-svg e-fab-facebook\" viewBox=\"0 0 512 512\" xmlns=\"http:\/\/www.w3.org\/2000\/svg\"><path d=\"M504 256C504 119 393 8 256 8S8 119 8 256c0 123.78 90.69 226.38 209.25 245V327.69h-63V256h63v-54.64c0-62.15 37-96.48 93.67-96.48 27.14 0 55.52 4.84 55.52 4.84v61h-31.28c-30.8 0-40.41 19.12-40.41 38.73V256h68.78l-11 71.69h-57.78V501C413.31 482.38 504 379.78 504 256z\"><\/path><\/svg>\t\t\t\t\t<\/a>\n\t\t\t\t<\/span>\n\t\t\t\t\t\t\t<span class=\"elementor-grid-item\" role=\"listitem\">\n\t\t\t\t\t<a class=\"elementor-icon elementor-social-icon elementor-social-icon-instagram elementor-repeater-item-be755e8\" href=\"https:\/\/www.instagram.com\/uwtsdlib\/Lib\/\" target=\"_blank\">\n\t\t\t\t\t\t<span class=\"elementor-screen-only\">Instagram<\/span>\n\t\t\t\t\t\t<svg aria-hidden=\"true\" class=\"e-font-icon-svg e-fab-instagram\" viewBox=\"0 0 448 512\" xmlns=\"http:\/\/www.w3.org\/2000\/svg\"><path d=\"M224.1 141c-63.6 0-114.9 51.3-114.9 114.9s51.3 114.9 114.9 114.9S339 319.5 339 255.9 287.7 141 224.1 141zm0 189.6c-41.1 0-74.7-33.5-74.7-74.7s33.5-74.7 74.7-74.7 74.7 33.5 74.7 74.7-33.6 74.7-74.7 74.7zm146.4-194.3c0 14.9-12 26.8-26.8 26.8-14.9 0-26.8-12-26.8-26.8s12-26.8 26.8-26.8 26.8 12 26.8 26.8zm76.1 27.2c-1.7-35.9-9.9-67.7-36.2-93.9-26.2-26.2-58-34.4-93.9-36.2-37-2.1-147.9-2.1-184.9 0-35.8 1.7-67.6 9.9-93.9 36.1s-34.4 58-36.2 93.9c-2.1 37-2.1 147.9 0 184.9 1.7 35.9 9.9 67.7 36.2 93.9s58 34.4 93.9 36.2c37 2.1 147.9 2.1 184.9 0 35.9-1.7 67.7-9.9 93.9-36.2 26.2-26.2 34.4-58 36.2-93.9 2.1-37 2.1-147.8 0-184.8zM398.8 388c-7.8 19.6-22.9 34.7-42.6 42.6-29.5 11.7-99.5 9-132.1 9s-102.7 2.6-132.1-9c-19.6-7.8-34.7-22.9-42.6-42.6-11.7-29.5-9-99.5-9-132.1s-2.6-102.7 9-132.1c7.8-19.6 22.9-34.7 42.6-42.6 29.5-11.7 99.5-9 132.1-9s102.7-2.6 132.1 9c19.6 7.8 34.7 22.9 42.6 42.6 11.7 29.5 9 99.5 9 132.1s2.7 102.7-9 132.1z\"><\/path><\/svg>\t\t\t\t\t<\/a>\n\t\t\t\t<\/span>\n\t\t\t\t\t<\/div>\n\t\t\t\t\t\t<\/div>\n\t\t\t\t<\/div>\n\t\t\t\t<\/div>\n\t\t<div class=\"elementor-element elementor-element-100272c2 e-con-full e-flex e-con e-child\" data-id=\"100272c2\" data-element_type=\"container\" data-e-type=\"container\">\n\t\t\t\t<div class=\"elementor-element elementor-element-7f7debf6 elementor-hidden-tablet elementor-hidden-mobile elementor-widget elementor-widget-image\" data-id=\"7f7debf6\" data-element_type=\"widget\" data-e-type=\"widget\" data-widget_type=\"image.default\">\n\t\t\t\t<div class=\"elementor-widget-container\">\n\t\t\t\t\t\t\t\t\t\t\t\t\t\t\t<img fetchpriority=\"high\" decoding=\"async\" width=\"600\" height=\"450\" src=\"https:\/\/digitalservices.uwtsd.ac.uk\/wp-content\/uploads\/2025\/06\/happy-birmingham-student.jpg\" class=\"attachment-full size-full wp-image-8444\" alt=\"Dyn yn eistedd wrth ddesg yn dal p\u00eal bwlb coch yn ei law gyda menyw yn ei flaen yn dal tabled mewn swyddfa neu olygyddwedd gyda lluniau nodedig yn y cefndir\" srcset=\"https:\/\/digitalservices.uwtsd.ac.uk\/wp-content\/uploads\/2025\/06\/happy-birmingham-student.jpg 600w, https:\/\/digitalservices.uwtsd.ac.uk\/wp-content\/uploads\/2025\/06\/happy-birmingham-student-300x225.jpg 300w\" sizes=\"(max-width: 600px) 100vw, 600px\" \/>\t\t\t\t\t\t\t\t\t\t\t\t\t\t\t<\/div>\n\t\t\t\t<\/div>\n\t\t\t\t<\/div>\n\t\t\t\t\t<\/div>\n\t\t\t\t<\/div>\n\t\t\t\t<\/div>\n\t\t","protected":false},"excerpt":{"rendered":"<p>Cysylltwch \u00e2&#8217;r Llyfrgell Gallwch gysylltu \u00e2&#8217;r llyfrgell drwy: Sgwrsio\u00a0\u00e2 ni\u2019n fyw ar\u00a0Sgwrsio \u00e2\u2019r Llyfrgell Ffonio ni ar\u00a001792\u00a0481200 E-bostio ni ar\u00a0library@uwtsd.ac.uk Eisoes yn gwybod beth sydd ei angen arnoch? Angen help gyda\u2019ch sgiliau\u00a0academaidd a gwybodaeth?\u00a0Cysylltwch \u00e2\u00a0infoskills@uwtsd.ac.uk Angen help gyda\u2019ch\u00a0sgiliau digidol?\u00a0Cysylltwch \u00e2\u00a0digitalskills@uwtsd.ac.uk Oes gennych chi gwestiwn am ein\u00a0Casgliadau Arbennig ac Archifau?\u00a0Cysylltwch \u00e2\u00a0specialcollections@uwtsd.ac.uk\u00a0or\u00a001570\u00a0424716 Sylwch, yn anffodus ni allwn [&hellip;]<\/p>\n","protected":false},"author":1,"featured_media":0,"parent":639,"menu_order":0,"comment_status":"closed","ping_status":"closed","template":"elementor_header_footer","meta":{"footnotes":""},"wf_page_folders":[24],"class_list":["post-2475","page","type-page","status-publish","hentry"],"yoast_head":"<!-- This site is optimized with the Yoast SEO Premium plugin v27.1 (Yoast SEO v27.1.1) - https:\/\/yoast.com\/product\/yoast-seo-premium-wordpress\/ -->\n<title>Cysylltwch \u00e2&#039;r Llyfrgell | Gwasanaethau Digidol | Prifysgol Cymru Y Drindod Dewi Sant<\/title>\n<meta name=\"robots\" content=\"index, follow, max-snippet:-1, max-image-preview:large, max-video-preview:-1\" \/>\n<link rel=\"canonical\" href=\"https:\/\/digitalservices.uwtsd.ac.uk\/cy\/llyfrgell\/defnyddio-ein-llyfrgelloedd\/cysylltwch-ar-llyfrgell\/\" \/>\n<meta property=\"og:locale\" content=\"cy_GB\" \/>\n<meta property=\"og:type\" content=\"article\" \/>\n<meta property=\"og:title\" content=\"Cysylltwch \u00e2&#039;r Llyfrgell\" \/>\n<meta property=\"og:description\" content=\"Cysylltwch \u00e2&#8217;r Llyfrgell Gallwch gysylltu \u00e2&#8217;r llyfrgell drwy: Sgwrsio\u00a0\u00e2 ni\u2019n fyw ar\u00a0Sgwrsio \u00e2\u2019r Llyfrgell Ffonio ni ar\u00a001792\u00a0481200 E-bostio ni ar\u00a0library@uwtsd.ac.uk Eisoes yn gwybod beth sydd ei angen arnoch? Angen help gyda\u2019ch sgiliau\u00a0academaidd a gwybodaeth?\u00a0Cysylltwch \u00e2\u00a0infoskills@uwtsd.ac.uk Angen help gyda\u2019ch\u00a0sgiliau digidol?\u00a0Cysylltwch \u00e2\u00a0digitalskills@uwtsd.ac.uk Oes gennych chi gwestiwn am ein\u00a0Casgliadau Arbennig ac Archifau?\u00a0Cysylltwch \u00e2\u00a0specialcollections@uwtsd.ac.uk\u00a0or\u00a001570\u00a0424716 Sylwch, yn anffodus ni allwn [&hellip;]\" \/>\n<meta property=\"og:url\" content=\"https:\/\/digitalservices.uwtsd.ac.uk\/cy\/llyfrgell\/defnyddio-ein-llyfrgelloedd\/cysylltwch-ar-llyfrgell\/\" \/>\n<meta property=\"og:site_name\" content=\"Gwasanaethau Digidol | Prifysgol Cymru Y Drindod Dewi Sant\" \/>\n<meta property=\"article:modified_time\" content=\"2025-09-22T14:11:48+00:00\" \/>\n<meta property=\"og:image\" content=\"https:\/\/digitalservices.uwtsd.ac.uk\/wp-content\/uploads\/2025\/06\/happy-birmingham-student.jpg\" \/>\n\t<meta property=\"og:image:width\" content=\"600\" \/>\n\t<meta property=\"og:image:height\" content=\"450\" \/>\n\t<meta property=\"og:image:type\" content=\"image\/jpeg\" \/>\n<meta name=\"twitter:card\" content=\"summary_large_image\" \/>\n<meta name=\"twitter:label1\" content=\"Est. reading time\" \/>\n\t<meta name=\"twitter:data1\" content=\"1 minute\" \/>\n<script type=\"application\/ld+json\" class=\"yoast-schema-graph\">{\"@context\":\"https:\/\/schema.org\",\"@graph\":[{\"@type\":\"WebPage\",\"@id\":\"https:\/\/digitalservices.uwtsd.ac.uk\/cy\/llyfrgell\/defnyddio-ein-llyfrgelloedd\/cysylltwch-ar-llyfrgell\/\",\"url\":\"https:\/\/digitalservices.uwtsd.ac.uk\/cy\/llyfrgell\/defnyddio-ein-llyfrgelloedd\/cysylltwch-ar-llyfrgell\/\",\"name\":\"Cysylltwch \u00e2'r Llyfrgell | Gwasanaethau Digidol | Prifysgol Cymru Y Drindod Dewi Sant\",\"isPartOf\":{\"@id\":\"https:\/\/digitalservices.uwtsd.ac.uk\/cy\/#website\"},\"primaryImageOfPage\":{\"@id\":\"https:\/\/digitalservices.uwtsd.ac.uk\/cy\/llyfrgell\/defnyddio-ein-llyfrgelloedd\/cysylltwch-ar-llyfrgell\/#primaryimage\"},\"image\":{\"@id\":\"https:\/\/digitalservices.uwtsd.ac.uk\/cy\/llyfrgell\/defnyddio-ein-llyfrgelloedd\/cysylltwch-ar-llyfrgell\/#primaryimage\"},\"thumbnailUrl\":\"https:\/\/digitalservices.uwtsd.ac.uk\/wp-content\/uploads\/2025\/06\/happy-birmingham-student.jpg\",\"datePublished\":\"2025-05-01T09:37:07+00:00\",\"dateModified\":\"2025-09-22T14:11:48+00:00\",\"breadcrumb\":{\"@id\":\"https:\/\/digitalservices.uwtsd.ac.uk\/cy\/llyfrgell\/defnyddio-ein-llyfrgelloedd\/cysylltwch-ar-llyfrgell\/#breadcrumb\"},\"inLanguage\":\"cy-GB\",\"potentialAction\":[{\"@type\":\"ReadAction\",\"target\":[\"https:\/\/digitalservices.uwtsd.ac.uk\/cy\/llyfrgell\/defnyddio-ein-llyfrgelloedd\/cysylltwch-ar-llyfrgell\/\"]}]},{\"@type\":\"ImageObject\",\"inLanguage\":\"cy-GB\",\"@id\":\"https:\/\/digitalservices.uwtsd.ac.uk\/cy\/llyfrgell\/defnyddio-ein-llyfrgelloedd\/cysylltwch-ar-llyfrgell\/#primaryimage\",\"url\":\"https:\/\/digitalservices.uwtsd.ac.uk\/wp-content\/uploads\/2025\/06\/happy-birmingham-student.jpg\",\"contentUrl\":\"https:\/\/digitalservices.uwtsd.ac.uk\/wp-content\/uploads\/2025\/06\/happy-birmingham-student.jpg\"},{\"@type\":\"BreadcrumbList\",\"@id\":\"https:\/\/digitalservices.uwtsd.ac.uk\/cy\/llyfrgell\/defnyddio-ein-llyfrgelloedd\/cysylltwch-ar-llyfrgell\/#breadcrumb\",\"itemListElement\":[{\"@type\":\"ListItem\",\"position\":1,\"name\":\"Gwasanaethau Digidol\",\"item\":\"https:\/\/digitalservices.uwtsd.ac.uk\/cy\/\"},{\"@type\":\"ListItem\",\"position\":2,\"name\":\"Llyfrgell ac Adnoddau Dysgu (LLR)\",\"item\":\"https:\/\/digitalservices.uwtsd.ac.uk\/cy\/library\/\"},{\"@type\":\"ListItem\",\"position\":3,\"name\":\"Defnyddio ein Llyfrgelloedd\",\"item\":\"https:\/\/digitalservices.uwtsd.ac.uk\/cy\/library\/using-our-libraries\/\"},{\"@type\":\"ListItem\",\"position\":4,\"name\":\"Cysylltwch \u00e2&#8217;r Llyfrgell\"}]},{\"@type\":\"WebSite\",\"@id\":\"https:\/\/digitalservices.uwtsd.ac.uk\/cy\/#website\",\"url\":\"https:\/\/digitalservices.uwtsd.ac.uk\/cy\/\",\"name\":\"Digital Services | University of Wales Trinity Saint David\",\"description\":\"\",\"publisher\":{\"@id\":\"https:\/\/digitalservices.uwtsd.ac.uk\/cy\/#organization\"},\"potentialAction\":[{\"@type\":\"SearchAction\",\"target\":{\"@type\":\"EntryPoint\",\"urlTemplate\":\"https:\/\/digitalservices.uwtsd.ac.uk\/cy\/?s={search_term_string}\"},\"query-input\":{\"@type\":\"PropertyValueSpecification\",\"valueRequired\":true,\"valueName\":\"search_term_string\"}}],\"inLanguage\":\"cy-GB\"},{\"@type\":\"Organization\",\"@id\":\"https:\/\/digitalservices.uwtsd.ac.uk\/cy\/#organization\",\"name\":\"University of Wales Trinity Saint David\",\"url\":\"https:\/\/digitalservices.uwtsd.ac.uk\/cy\/\",\"logo\":{\"@type\":\"ImageObject\",\"inLanguage\":\"cy-GB\",\"@id\":\"https:\/\/digitalservices.uwtsd.ac.uk\/cy\/#\/schema\/logo\/image\/\",\"url\":\"https:\/\/digitalservices.uwtsd.ac.uk\/wp-content\/uploads\/2025\/04\/uwtsd-logo-white.png\",\"contentUrl\":\"https:\/\/digitalservices.uwtsd.ac.uk\/wp-content\/uploads\/2025\/04\/uwtsd-logo-white.png\",\"width\":300,\"height\":99,\"caption\":\"University of Wales Trinity Saint David\"},\"image\":{\"@id\":\"https:\/\/digitalservices.uwtsd.ac.uk\/cy\/#\/schema\/logo\/image\/\"}}]}<\/script>\n<!-- \/ Yoast SEO Premium plugin. -->","yoast_head_json":{"title":"Cysylltwch \u00e2'r Llyfrgell | Gwasanaethau Digidol | Prifysgol Cymru Y Drindod Dewi Sant","robots":{"index":"index","follow":"follow","max-snippet":"max-snippet:-1","max-image-preview":"max-image-preview:large","max-video-preview":"max-video-preview:-1"},"canonical":"https:\/\/digitalservices.uwtsd.ac.uk\/cy\/llyfrgell\/defnyddio-ein-llyfrgelloedd\/cysylltwch-ar-llyfrgell\/","og_locale":"cy_GB","og_type":"article","og_title":"Cysylltwch \u00e2'r Llyfrgell","og_description":"Cysylltwch \u00e2&#8217;r Llyfrgell Gallwch gysylltu \u00e2&#8217;r llyfrgell drwy: Sgwrsio\u00a0\u00e2 ni\u2019n fyw ar\u00a0Sgwrsio \u00e2\u2019r Llyfrgell Ffonio ni ar\u00a001792\u00a0481200 E-bostio ni ar\u00a0library@uwtsd.ac.uk Eisoes yn gwybod beth sydd ei angen arnoch? Angen help gyda\u2019ch sgiliau\u00a0academaidd a gwybodaeth?\u00a0Cysylltwch \u00e2\u00a0infoskills@uwtsd.ac.uk Angen help gyda\u2019ch\u00a0sgiliau digidol?\u00a0Cysylltwch \u00e2\u00a0digitalskills@uwtsd.ac.uk Oes gennych chi gwestiwn am ein\u00a0Casgliadau Arbennig ac Archifau?\u00a0Cysylltwch \u00e2\u00a0specialcollections@uwtsd.ac.uk\u00a0or\u00a001570\u00a0424716 Sylwch, yn anffodus ni allwn [&hellip;]","og_url":"https:\/\/digitalservices.uwtsd.ac.uk\/cy\/llyfrgell\/defnyddio-ein-llyfrgelloedd\/cysylltwch-ar-llyfrgell\/","og_site_name":"Gwasanaethau Digidol | Prifysgol Cymru Y Drindod Dewi Sant","article_modified_time":"2025-09-22T14:11:48+00:00","og_image":[{"width":600,"height":450,"url":"https:\/\/digitalservices.uwtsd.ac.uk\/wp-content\/uploads\/2025\/06\/happy-birmingham-student.jpg","type":"image\/jpeg"}],"twitter_card":"summary_large_image","twitter_misc":{"Est. reading time":"1 minute"},"schema":{"@context":"https:\/\/schema.org","@graph":[{"@type":"WebPage","@id":"https:\/\/digitalservices.uwtsd.ac.uk\/cy\/llyfrgell\/defnyddio-ein-llyfrgelloedd\/cysylltwch-ar-llyfrgell\/","url":"https:\/\/digitalservices.uwtsd.ac.uk\/cy\/llyfrgell\/defnyddio-ein-llyfrgelloedd\/cysylltwch-ar-llyfrgell\/","name":"Cysylltwch \u00e2'r Llyfrgell | Gwasanaethau Digidol | Prifysgol Cymru Y Drindod Dewi Sant","isPartOf":{"@id":"https:\/\/digitalservices.uwtsd.ac.uk\/cy\/#website"},"primaryImageOfPage":{"@id":"https:\/\/digitalservices.uwtsd.ac.uk\/cy\/llyfrgell\/defnyddio-ein-llyfrgelloedd\/cysylltwch-ar-llyfrgell\/#primaryimage"},"image":{"@id":"https:\/\/digitalservices.uwtsd.ac.uk\/cy\/llyfrgell\/defnyddio-ein-llyfrgelloedd\/cysylltwch-ar-llyfrgell\/#primaryimage"},"thumbnailUrl":"https:\/\/digitalservices.uwtsd.ac.uk\/wp-content\/uploads\/2025\/06\/happy-birmingham-student.jpg","datePublished":"2025-05-01T09:37:07+00:00","dateModified":"2025-09-22T14:11:48+00:00","breadcrumb":{"@id":"https:\/\/digitalservices.uwtsd.ac.uk\/cy\/llyfrgell\/defnyddio-ein-llyfrgelloedd\/cysylltwch-ar-llyfrgell\/#breadcrumb"},"inLanguage":"cy-GB","potentialAction":[{"@type":"ReadAction","target":["https:\/\/digitalservices.uwtsd.ac.uk\/cy\/llyfrgell\/defnyddio-ein-llyfrgelloedd\/cysylltwch-ar-llyfrgell\/"]}]},{"@type":"ImageObject","inLanguage":"cy-GB","@id":"https:\/\/digitalservices.uwtsd.ac.uk\/cy\/llyfrgell\/defnyddio-ein-llyfrgelloedd\/cysylltwch-ar-llyfrgell\/#primaryimage","url":"https:\/\/digitalservices.uwtsd.ac.uk\/wp-content\/uploads\/2025\/06\/happy-birmingham-student.jpg","contentUrl":"https:\/\/digitalservices.uwtsd.ac.uk\/wp-content\/uploads\/2025\/06\/happy-birmingham-student.jpg"},{"@type":"BreadcrumbList","@id":"https:\/\/digitalservices.uwtsd.ac.uk\/cy\/llyfrgell\/defnyddio-ein-llyfrgelloedd\/cysylltwch-ar-llyfrgell\/#breadcrumb","itemListElement":[{"@type":"ListItem","position":1,"name":"Gwasanaethau Digidol","item":"https:\/\/digitalservices.uwtsd.ac.uk\/cy\/"},{"@type":"ListItem","position":2,"name":"Llyfrgell ac Adnoddau Dysgu (LLR)","item":"https:\/\/digitalservices.uwtsd.ac.uk\/cy\/library\/"},{"@type":"ListItem","position":3,"name":"Defnyddio ein Llyfrgelloedd","item":"https:\/\/digitalservices.uwtsd.ac.uk\/cy\/library\/using-our-libraries\/"},{"@type":"ListItem","position":4,"name":"Cysylltwch \u00e2&#8217;r Llyfrgell"}]},{"@type":"WebSite","@id":"https:\/\/digitalservices.uwtsd.ac.uk\/cy\/#website","url":"https:\/\/digitalservices.uwtsd.ac.uk\/cy\/","name":"Digital Services | University of Wales Trinity Saint David","description":"","publisher":{"@id":"https:\/\/digitalservices.uwtsd.ac.uk\/cy\/#organization"},"potentialAction":[{"@type":"SearchAction","target":{"@type":"EntryPoint","urlTemplate":"https:\/\/digitalservices.uwtsd.ac.uk\/cy\/?s={search_term_string}"},"query-input":{"@type":"PropertyValueSpecification","valueRequired":true,"valueName":"search_term_string"}}],"inLanguage":"cy-GB"},{"@type":"Organization","@id":"https:\/\/digitalservices.uwtsd.ac.uk\/cy\/#organization","name":"University of Wales Trinity Saint David","url":"https:\/\/digitalservices.uwtsd.ac.uk\/cy\/","logo":{"@type":"ImageObject","inLanguage":"cy-GB","@id":"https:\/\/digitalservices.uwtsd.ac.uk\/cy\/#\/schema\/logo\/image\/","url":"https:\/\/digitalservices.uwtsd.ac.uk\/wp-content\/uploads\/2025\/04\/uwtsd-logo-white.png","contentUrl":"https:\/\/digitalservices.uwtsd.ac.uk\/wp-content\/uploads\/2025\/04\/uwtsd-logo-white.png","width":300,"height":99,"caption":"University of Wales Trinity Saint David"},"image":{"@id":"https:\/\/digitalservices.uwtsd.ac.uk\/cy\/#\/schema\/logo\/image\/"}}]}},"_links":{"self":[{"href":"https:\/\/digitalservices.uwtsd.ac.uk\/cy\/wp-json\/wp\/v2\/pages\/2475","targetHints":{"allow":["GET"]}}],"collection":[{"href":"https:\/\/digitalservices.uwtsd.ac.uk\/cy\/wp-json\/wp\/v2\/pages"}],"about":[{"href":"https:\/\/digitalservices.uwtsd.ac.uk\/cy\/wp-json\/wp\/v2\/types\/page"}],"author":[{"embeddable":true,"href":"https:\/\/digitalservices.uwtsd.ac.uk\/cy\/wp-json\/wp\/v2\/users\/1"}],"replies":[{"embeddable":true,"href":"https:\/\/digitalservices.uwtsd.ac.uk\/cy\/wp-json\/wp\/v2\/comments?post=2475"}],"version-history":[{"count":22,"href":"https:\/\/digitalservices.uwtsd.ac.uk\/cy\/wp-json\/wp\/v2\/pages\/2475\/revisions"}],"predecessor-version":[{"id":13124,"href":"https:\/\/digitalservices.uwtsd.ac.uk\/cy\/wp-json\/wp\/v2\/pages\/2475\/revisions\/13124"}],"up":[{"embeddable":true,"href":"https:\/\/digitalservices.uwtsd.ac.uk\/cy\/wp-json\/wp\/v2\/pages\/639"}],"wp:attachment":[{"href":"https:\/\/digitalservices.uwtsd.ac.uk\/cy\/wp-json\/wp\/v2\/media?parent=2475"}],"wp:term":[{"taxonomy":"wf_page_folders","embeddable":true,"href":"https:\/\/digitalservices.uwtsd.ac.uk\/cy\/wp-json\/wp\/v2\/wf_page_folders?post=2475"}],"curies":[{"name":"wp","href":"https:\/\/api.w.org\/{rel}","templated":true}]}}